{"id":86,"date":"2025-03-03T23:17:18","date_gmt":"2025-03-03T23:17:18","guid":{"rendered":"https:\/\/astrologianora.com.ar\/tienda\/?post_type=product&#038;p=86"},"modified":"2025-11-28T18:42:17","modified_gmt":"2025-11-28T18:42:17","slug":"los-numeros-desde-el-mito-ii","status":"publish","type":"product","link":"https:\/\/astrologianora.com.ar\/tienda\/product\/los-numeros-desde-el-mito-ii\/","title":{"rendered":"Los n\u00fameros desde el mito II"},"content":{"rendered":"<p><strong><em data-start=\"248\" data-end=\"285\">&#8220;Profundizando en tu mito personal&#8221;<\/em><\/strong> es un viaje de autoconocimiento que invita al lector a descubrir y analizar los mitos que influyen en su vida. A trav\u00e9s de reflexiones, ejercicios y ejemplos de diversas tradiciones, el libro muestra c\u00f3mo los relatos simb\u00f3licos y arquet\u00edpicos pueden servir como herramientas para comprender nuestra identidad, superar desaf\u00edos y construir un camino m\u00e1s alineado con nuestro prop\u00f3sito. Con un enfoque tanto filos\u00f3fico como pr\u00e1ctico, esta obra es ideal para quienes buscan una mayor conexi\u00f3n consigo mismos a trav\u00e9s del poder de las historias.<\/p>\n","protected":false},"excerpt":{"rendered":"<p><em data-start=\"25\" data-end=\"62\">Profundizando en tu mito personal&#8221;<\/em> es una gu\u00eda introspectiva que explora c\u00f3mo los mitos y relatos simb\u00f3licos pueden ayudar a comprender nuestra propia historia, identidad y prop\u00f3sito de vida<\/p>\n","protected":false},"featured_media":130,"template":"","meta":[],"product_brand":[],"product_cat":[40],"product_tag":[],"class_list":{"0":"post-86","1":"product","2":"type-product","3":"status-publish","4":"has-post-thumbnail","6":"product_cat-libros-de-astrologia-y-numerologia","8":"first","9":"instock","10":"downloadable","11":"shipping-taxable","12":"purchasable","13":"product-type-simple"},"_links":{"self":[{"href":"https:\/\/astrologianora.com.ar\/tienda\/wp-json\/wp\/v2\/product\/86","targetHints":{"allow":["GET"]}}],"collection":[{"href":"https:\/\/astrologianora.com.ar\/tienda\/wp-json\/wp\/v2\/product"}],"about":[{"href":"https:\/\/astrologianora.com.ar\/tienda\/wp-json\/wp\/v2\/types\/product"}],"wp:featuredmedia":[{"embeddable":true,"href":"https:\/\/astrologianora.com.ar\/tienda\/wp-json\/wp\/v2\/media\/130"}],"wp:attachment":[{"href":"https:\/\/astrologianora.com.ar\/tienda\/wp-json\/wp\/v2\/media?parent=86"}],"wp:term":[{"taxonomy":"product_brand","embeddable":true,"href":"https:\/\/astrologianora.com.ar\/tienda\/wp-json\/wp\/v2\/product_brand?post=86"},{"taxonomy":"product_cat","embeddable":true,"href":"https:\/\/astrologianora.com.ar\/tienda\/wp-json\/wp\/v2\/product_cat?post=86"},{"taxonomy":"product_tag","embeddable":true,"href":"https:\/\/astrologianora.com.ar\/tienda\/wp-json\/wp\/v2\/product_tag?post=86"}],"curies":[{"name":"wp","href":"https:\/\/api.w.org\/{rel}","templated":true}]}}