{"id":12,"date":"2025-03-03T14:25:29","date_gmt":"2025-03-03T14:25:29","guid":{"rendered":"https:\/\/astrologianora.com.ar\/tienda\/?post_type=product&#038;p=12"},"modified":"2025-07-28T17:49:38","modified_gmt":"2025-07-28T17:49:38","slug":"el-poder-de-las-diosas-curso-de-astrologia-y-numerologia","status":"publish","type":"product","link":"https:\/\/astrologianora.com.ar\/tienda\/product\/el-poder-de-las-diosas-curso-de-astrologia-y-numerologia\/","title":{"rendered":"El Poder de las Diosas"},"content":{"rendered":"<h2 data-start=\"89\" data-end=\"160\">\u2728<strong data-start=\"162\" data-end=\"242\">Descubre la Diosa que habita en vos y despierta tu verdadero poder interior.<\/strong><\/h2>\n<p data-start=\"246\" data-end=\"520\">Este curso es una experiencia transformadora basada en la astrolog\u00eda, la numerolog\u00eda y la mitolog\u00eda. A trav\u00e9s del conocimiento de las <strong data-start=\"380\" data-end=\"426\">Diosas de la Luz y las Diosas de la Sombra<\/strong>, aprender\u00e1s a conectar con tu esencia, soltar bloqueos y potenciar tu crecimiento personal.<\/p>\n<p>\ud83d\udccc <strong data-start=\"525\" data-end=\"555\">\u00bfPara qui\u00e9n es este curso?<\/strong><\/p>\n<ul>\n<li><strong data-start=\"560\" data-end=\"601\">No se requieren conocimientos previos<\/strong>.<\/li>\n<li>Dirigido a <strong data-start=\"618\" data-end=\"634\">todo p\u00fablico<\/strong>, especialmente a quienes buscan autoconocimiento y herramientas espirituales.<\/li>\n<li>Ideal para amantes de la astrolog\u00eda, la numerolog\u00eda y la mitolog\u00eda.<\/li>\n<\/ul>\n<p>&nbsp;<\/p>\n<p>\ud83d\udcd6 <strong data-start=\"791\" data-end=\"825\">\u00bfQu\u00e9 aprender\u00e1s en este curso?<\/strong><\/p>\n<ul>\n<li>La energ\u00eda de las Diosas y su influencia en tu vida.<\/li>\n<li>C\u00f3mo identificar y trabajar con tus fortalezas y sombras personales.<\/li>\n<li>Conexi\u00f3n con los arquetipos de diosas como Afrodita, Atenea, Lilith y H\u00e9cate.<\/li>\n<li>T\u00e9cnicas de autoconocimiento y sanaci\u00f3n a trav\u00e9s de la mitolog\u00eda y la astrolog\u00eda.<\/li>\n<\/ul>\n<p>&nbsp;<\/p>\n<p data-start=\"1131\" data-end=\"1479\">\ud83d\udcc2 <strong data-start=\"1134\" data-end=\"1162\">\u00bfQu\u00e9 incluye este curso?<\/strong><\/p>\n<ul>\n<li data-start=\"1131\" data-end=\"1479\"><strong data-start=\"1168\" data-end=\"1187\">Videos exclusivos<\/strong>: Nora Sindona te gu\u00eda a trav\u00e9s de cada diosa y su significado.<\/li>\n<li data-start=\"1131\" data-end=\"1479\"><strong data-start=\"1256\" data-end=\"1275\">PDF explicativo<\/strong>: Un recorrido detallado por cada diosa, su historia y su mensaje.<\/li>\n<li data-start=\"1131\" data-end=\"1479\"><strong data-start=\"1347\" data-end=\"1379\">PDF imprimible con tarjetas<\/strong>: Dise\u00f1adas para que las imprimas y las uses como cartas en tu propio proceso de autoconocimiento.<\/li>\n<\/ul>\n","protected":false},"excerpt":{"rendered":"<p><strong data-start=\"0\" data-end=\"68\" data-is-only-node=\"\">Descubre el poder de las Diosas y despierta tu esencia interior.<\/strong> \u2728\ud83d\udd2e<\/p>\n<p>Este curso descargable incluye un <strong data-start=\"107\" data-end=\"142\">videos exclusivos de Nora Sindona<\/strong>, un <strong data-start=\"147\" data-end=\"183\">PDF explicativo sobre cada diosa<\/strong> y un <strong data-start=\"189\" data-end=\"221\">PDF con tarjetas imprimibles<\/strong> para usarlas como cartas.<\/p>\n<p>No se requieren conocimientos previos, es ideal para todo p\u00fablico.<\/p>\n<p><strong data-start=\"315\" data-end=\"365\" data-is-last-node=\"\">Desc\u00e1rgalo ahora y comienza tu transformaci\u00f3n.<\/strong><\/p>\n","protected":false},"featured_media":68,"template":"","meta":[],"product_brand":[],"product_cat":[16],"product_tag":[36,21,28,22,17,18,32,26,20,24,25,30,23,19,27,33,35,29,31,34],"class_list":{"0":"post-12","1":"product","2":"type-product","3":"status-publish","4":"has-post-thumbnail","6":"product_cat-cursos","7":"product_tag-astrologia-y-numerologia","8":"product_tag-autoconocimiento","9":"product_tag-cartas-de-diosas","10":"product_tag-crecimiento-personal","11":"product_tag-curso-de-astrologia","12":"product_tag-curso-de-numerologia","13":"product_tag-curso-descargable","14":"product_tag-curso-online","15":"product_tag-diosas-arquetipicas","16":"product_tag-diosas-de-la-luz","17":"product_tag-diosas-de-la-sombra","18":"product_tag-energia-femenina","19":"product_tag-espiritualidad","20":"product_tag-mitologia-y-astrologia","21":"product_tag-nora-sindona","22":"product_tag-pdf-de-astrologia","23":"product_tag-simbologia-de-las-diosas","24":"product_tag-tarot-mitologico","25":"product_tag-transformacion-personal","26":"product_tag-video-de-astrologia","28":"first","29":"instock","30":"downloadable","31":"shipping-taxable","32":"purchasable","33":"product-type-simple"},"_links":{"self":[{"href":"https:\/\/astrologianora.com.ar\/tienda\/wp-json\/wp\/v2\/product\/12","targetHints":{"allow":["GET"]}}],"collection":[{"href":"https:\/\/astrologianora.com.ar\/tienda\/wp-json\/wp\/v2\/product"}],"about":[{"href":"https:\/\/astrologianora.com.ar\/tienda\/wp-json\/wp\/v2\/types\/product"}],"wp:featuredmedia":[{"embeddable":true,"href":"https:\/\/astrologianora.com.ar\/tienda\/wp-json\/wp\/v2\/media\/68"}],"wp:attachment":[{"href":"https:\/\/astrologianora.com.ar\/tienda\/wp-json\/wp\/v2\/media?parent=12"}],"wp:term":[{"taxonomy":"product_brand","embeddable":true,"href":"https:\/\/astrologianora.com.ar\/tienda\/wp-json\/wp\/v2\/product_brand?post=12"},{"taxonomy":"product_cat","embeddable":true,"href":"https:\/\/astrologianora.com.ar\/tienda\/wp-json\/wp\/v2\/product_cat?post=12"},{"taxonomy":"product_tag","embeddable":true,"href":"https:\/\/astrologianora.com.ar\/tienda\/wp-json\/wp\/v2\/product_tag?post=12"}],"curies":[{"name":"wp","href":"https:\/\/api.w.org\/{rel}","templated":true}]}}